{"id":1445,"date":"2025-10-24T17:04:13","date_gmt":"2025-10-24T17:04:13","guid":{"rendered":"https:\/\/kdibis.com\/kdibiswp\/?page_id=1445"},"modified":"2026-03-16T14:43:07","modified_gmt":"2026-03-16T14:43:07","slug":"kdibis-preisliste","status":"publish","type":"page","link":"https:\/\/kdibis.com\/kdibiswp\/index.php\/kdibis-preisliste\/","title":{"rendered":"Kdibis | Preisliste"},"content":{"rendered":"\n<div class=\"wp-block-group has-global-padding is-layout-constrained wp-container-core-group-is-layout-5474f00b wp-block-group-is-layout-constrained wp-container-2 is-position-sticky\" style=\"margin-top:0;margin-bottom:0;padding-right:0;padding-left:0\"><nav class=\"has-text-color has-base-color has-background has-custom-color-1-background-color is-responsive items-justified-center wp-block-navigation is-content-justification-center is-layout-flex wp-container-core-navigation-is-layout-11db0663 wp-block-navigation-is-layout-flex\" aria-label=\"Menu D\" \n\t\t data-wp-interactive=\"core\/navigation\" data-wp-context='{\"overlayOpenedBy\":{\"click\":false,\"hover\":false,\"focus\":false},\"type\":\"overlay\",\"roleAttribute\":\"\",\"ariaLabel\":\"Menu\"}'><button aria-haspopup=\"dialog\" aria-label=\"Open menu\" class=\"wp-block-navigation__responsive-container-open\" \n\t\t\t\tdata-wp-on--click=\"actions.openMenuOnClick\"\n\t\t\t\tdata-wp-on--keydown=\"actions.handleMenuKeydown\"\n\t\t\t><svg width=\"24\" height=\"24\" xmlns=\"http:\/\/www.w3.org\/2000\/svg\" viewBox=\"0 0 24 24\" aria-hidden=\"true\" focusable=\"false\"><path d=\"M4 7.5h16v1.5H4z\"><\/path><path d=\"M4 15h16v1.5H4z\"><\/path><\/svg><\/button>\n\t\t\t\t<div class=\"wp-block-navigation__responsive-container\"  id=\"modal-1\" \n\t\t\t\tdata-wp-class--has-modal-open=\"state.isMenuOpen\"\n\t\t\t\tdata-wp-class--is-menu-open=\"state.isMenuOpen\"\n\t\t\t\tdata-wp-watch=\"callbacks.initMenu\"\n\t\t\t\tdata-wp-on--keydown=\"actions.handleMenuKeydown\"\n\t\t\t\tdata-wp-on--focusout=\"actions.handleMenuFocusout\"\n\t\t\t\ttabindex=\"-1\"\n\t\t\t>\n\t\t\t\t\t<div class=\"wp-block-navigation__responsive-close\" tabindex=\"-1\">\n\t\t\t\t\t\t<div class=\"wp-block-navigation__responsive-dialog\" \n\t\t\t\tdata-wp-bind--aria-modal=\"state.ariaModal\"\n\t\t\t\tdata-wp-bind--aria-label=\"state.ariaLabel\"\n\t\t\t\tdata-wp-bind--role=\"state.roleAttribute\"\n\t\t\t>\n\t\t\t\t\t\t\t<button aria-label=\"Close menu\" class=\"wp-block-navigation__responsive-container-close\" \n\t\t\t\tdata-wp-on--click=\"actions.closeMenuOnClick\"\n\t\t\t><svg xmlns=\"http:\/\/www.w3.org\/2000\/svg\" viewBox=\"0 0 24 24\" width=\"24\" height=\"24\" aria-hidden=\"true\" focusable=\"false\"><path d=\"m13.06 12 6.47-6.47-1.06-1.06L12 10.94 5.53 4.47 4.47 5.53 10.94 12l-6.47 6.47 1.06 1.06L12 13.06l6.47 6.47 1.06-1.06L13.06 12Z\"><\/path><\/svg><\/button>\n\t\t\t\t\t\t\t<div class=\"wp-block-navigation__responsive-container-content\" \n\t\t\t\tdata-wp-watch=\"callbacks.focusFirstElement\"\n\t\t\t id=\"modal-1-content\">\n\t\t\t\t\t\t\t\t<ul class=\"wp-block-navigation__container has-text-color has-base-color has-background has-custom-color-1-background-color is-responsive items-justified-center wp-block-navigation\"><li class=\" wp-block-navigation-item wp-block-navigation-link\"><a class=\"wp-block-navigation-item__content\"  href=\"https:\/\/kdibis.com\/kdibiswp\/index.php\/kdibis-home-d\/\"><span class=\"wp-block-navigation-item__label\">Kdibis<\/span><\/a><\/li><li class=\" wp-block-navigation-item wp-block-navigation-link\"><a class=\"wp-block-navigation-item__content\"  href=\"https:\/\/kdibis.com\/kdibiswp\/index.php\/kdibis-bullwhip-effekt\/\"><span class=\"wp-block-navigation-item__label\">Bullwhip-Effekt<\/span><\/a><\/li><li class=\" wp-block-navigation-item wp-block-navigation-link\"><a class=\"wp-block-navigation-item__content\"  href=\"https:\/\/kdibis.com\/kdibiswp\/index.php\/kdibisglobal-bullwhip-game-d\/\"><span class=\"wp-block-navigation-item__label\">Bullwhip-Game<\/span><\/a><\/li><li class=\" wp-block-navigation-item wp-block-navigation-link\"><a class=\"wp-block-navigation-item__content\"  href=\"https:\/\/kdibis.com\/kdibiswp\/index.php\/kdibisglobal-supply-chain-planspiele\/\"><span class=\"wp-block-navigation-item__label\">KdibisGlobal Supply Chain Planspiele<\/span><\/a><\/li><li class=\" wp-block-navigation-item wp-block-navigation-link\"><a class=\"wp-block-navigation-item__content\"  href=\"https:\/\/kdibis.com\/kdibiswp\/index.php\/kdibis-preisliste\/\"><span class=\"wp-block-navigation-item__label\">Preisliste<\/span><\/a><\/li><li class=\" wp-block-navigation-item wp-block-navigation-link\"><a class=\"wp-block-navigation-item__content\"  href=\"https:\/\/www.kdibisglobal.org\" target=\"_blank\"  ><span class=\"wp-block-navigation-item__label\">kdibisglobal.org<\/span><\/a><\/li><li class=\" wp-block-navigation-item wp-block-navigation-link\"><a class=\"wp-block-navigation-item__content\"  href=\"https:\/\/kdibis.com\/kdibiswp\/index.php\/kdibis-home-e\/\"><span class=\"wp-block-navigation-item__label\">E<\/span><\/a><\/li><li class=\" wp-block-navigation-item wp-block-navigation-link\"><a class=\"wp-block-navigation-item__content\"  href=\"https:\/\/kdibis.com\/kdibiswp\/index.php\/kdibis-home-d\/\"><span class=\"wp-block-navigation-item__label\">D<\/span><\/a><\/li><\/ul>\n\t\t\t\t\t\t\t<\/div>\n\t\t\t\t\t\t<\/div>\n\t\t\t\t\t<\/div>\n\t\t\t\t<\/div><\/nav><\/div>\n\n\n\n<h2 class=\"wp-block-heading has-text-align-center\" id=\"h-kdibisglobal-preisliste\" style=\"margin-top:var(--wp--preset--spacing--40);margin-right:0;margin-bottom:var(--wp--preset--spacing--40);margin-left:0\">KdibisGlobal Preisliste<\/h2>\n\n\n\n<p class=\"has-border-color has-base-background-color has-background has-medium-font-size\" style=\"border-color:#034c5f;border-width:1px;border-radius:6px;margin-top:var(--wp--preset--spacing--20);margin-right:0;margin-bottom:var(--wp--preset--spacing--20);margin-left:0;padding-top:var(--wp--preset--spacing--20);padding-right:var(--wp--preset--spacing--20);padding-bottom:var(--wp--preset--spacing--20);padding-left:var(--wp--preset--spacing--20)\">Die Registrierung auf <a href=\"https:\/\/www.kdibisglobal.org\">www.kdibisglobal.org<\/a> ist kostenlos und umfasst eine Kursleitungslizenz sowie 10 Kursmitgliederlizenzen als Startbonus. Zus\u00e4tzliche Mitgliederlizenzen sind f\u00fcr die <strong>Kursleitung<\/strong> kostenpflichtig und im Kdibis-Shop erh\u00e4ltlich. Der Zugang zum Shop erfolgt direkt \u00fcber die Homepage <a href=\"https:\/\/www.kdibisglobal.org\">www.kdibisglobal.org<\/a> mit den Zugangsdaten der Kursleitung. Die Mwst. ist in den Preisen enthalten. Kursmitgliederlizenzen sind alternativ im Preis des Lehrbuchs &#8220;<strong>Integrierte Business-Informationssysteme, 4. Auflage<\/strong>&#8221; von 2025 enthalten. Im Shop wird die Verwendung des Lehrbuchs \u00fcberpr\u00fcft. Danach sind die Kursmitgliederlizenzen f\u00fcr die Teilnehmenden kostenlos.<\/p>\n\n\n\n<div class=\"wp-block-columns is-layout-flex wp-container-core-columns-is-layout-28f84493 wp-block-columns-is-layout-flex\">\n<div class=\"wp-block-column is-layout-flow wp-block-column-is-layout-flow\">\n<figure class=\"wp-block-image aligncenter size-full is-resized\"><img loading=\"lazy\" decoding=\"async\" width=\"642\" height=\"527\" src=\"https:\/\/kdibis.com\/kdibiswp\/wp-content\/uploads\/2026\/03\/PricelistD.png\" alt=\"\" class=\"wp-image-1773\" style=\"width:auto;height:400px\" srcset=\"https:\/\/kdibis.com\/kdibiswp\/wp-content\/uploads\/2026\/03\/PricelistD.png 642w, https:\/\/kdibis.com\/kdibiswp\/wp-content\/uploads\/2026\/03\/PricelistD-300x246.png 300w\" sizes=\"auto, (max-width: 642px) 100vw, 642px\" \/><\/figure>\n<\/div>\n\n\n\n<div class=\"wp-block-column is-layout-flow wp-block-column-is-layout-flow\">\n<figure class=\"wp-block-image aligncenter size-full is-resized has-custom-border\"><img loading=\"lazy\" decoding=\"async\" width=\"1784\" height=\"2560\" src=\"https:\/\/kdibis.com\/kdibiswp\/wp-content\/uploads\/2026\/03\/IBIS_D_V4_Front-scaled.png\" alt=\"\" class=\"wp-image-1774\" style=\"border-width:1px;border-top-left-radius:6px;border-top-right-radius:6px;border-bottom-left-radius:6px;border-bottom-right-radius:6px;width:auto;height:400px\" srcset=\"https:\/\/kdibis.com\/kdibiswp\/wp-content\/uploads\/2026\/03\/IBIS_D_V4_Front-scaled.png 1784w, https:\/\/kdibis.com\/kdibiswp\/wp-content\/uploads\/2026\/03\/IBIS_D_V4_Front-209x300.png 209w, https:\/\/kdibis.com\/kdibiswp\/wp-content\/uploads\/2026\/03\/IBIS_D_V4_Front-714x1024.png 714w, https:\/\/kdibis.com\/kdibiswp\/wp-content\/uploads\/2026\/03\/IBIS_D_V4_Front-768x1102.png 768w, https:\/\/kdibis.com\/kdibiswp\/wp-content\/uploads\/2026\/03\/IBIS_D_V4_Front-1071x1536.png 1071w, https:\/\/kdibis.com\/kdibiswp\/wp-content\/uploads\/2026\/03\/IBIS_D_V4_Front-1427x2048.png 1427w\" sizes=\"auto, (max-width: 1784px) 100vw, 1784px\" \/><\/figure>\n<\/div>\n<\/div>\n\n\n\n<p class=\"has-border-color has-base-background-color has-background has-medium-font-size\" style=\"border-color:#034c5f;border-width:1px;border-radius:6px;margin-top:var(--wp--preset--spacing--20);margin-right:0;margin-bottom:var(--wp--preset--spacing--20);margin-left:0;padding-top:var(--wp--preset--spacing--20);padding-right:var(--wp--preset--spacing--20);padding-bottom:var(--wp--preset--spacing--20);padding-left:var(--wp--preset--spacing--20)\">Eine Kursleitungslizenz und Kursmitgliederlizenzen gelten f\u00fcr alle Module und f\u00fcr eine praktisch unbegrenzte Anzahl von Kursen. Kursmitglieder werden von der Kursleitung eingeladen. Jedes Modul enth\u00e4lt Vorlagen f\u00fcr Entscheidungen und Pr\u00e4sentationen, einschlie\u00dflich Simulationsergebnissen, Manuals und der entsprechenden Theoriekapitel. <\/p>\n\n\n\n<div class=\"wp-block-buttons is-content-justification-center is-layout-flex wp-container-core-buttons-is-layout-c876d8ae wp-block-buttons-is-layout-flex\" style=\"padding-top:0;padding-right:0;padding-bottom:0;padding-left:0\">\n<div class=\"wp-block-button\"><a class=\"wp-block-button__link wp-element-button\" href=\"https:\/\/kdibis.com\/kdibiswp\/index.php\/kdibis-about-e\/\">About us<\/a><\/div>\n\n\n\n<div class=\"wp-block-button\"><a class=\"wp-block-button__link wp-element-button\" href=\"https:\/\/kdibis.com\/kdibiswp\/index.php\/kdibis-contact\/\">Contact<\/a><\/div>\n\n\n\n<div class=\"wp-block-button\"><a class=\"wp-block-button__link wp-element-button\" href=\"https:\/\/kdibis.com\/kdibiswp\/index.php\/kdibis-terms-e\/\">Terms<\/a><\/div>\n\n\n\n<div class=\"wp-block-button\"><a class=\"wp-block-button__link wp-element-button\" href=\"https:\/\/kdibis.com\/kdibiswp\/index.php\/kdibis-imprint-e\/\">Imprint<\/a><\/div>\n\n\n\n<div class=\"wp-block-button\"><a class=\"wp-block-button__link wp-element-button\">*<\/a><\/div>\n\n\n\n<div class=\"wp-block-button\"><a class=\"wp-block-button__link wp-element-button\" href=\"https:\/\/kdibis.com\/kdibiswp\/index.php\/kdibis-about-d\/\" style=\"padding-right:var(--wp--preset--spacing--20);padding-left:var(--wp--preset--spacing--20)\">\u00dcber uns<\/a><\/div>\n\n\n\n<div class=\"wp-block-button\"><a class=\"wp-block-button__link wp-element-button\" href=\"https:\/\/kdibis.com\/kdibiswp\/index.php\/kdibis-kontakt\/\">Kontakt<\/a><\/div>\n\n\n\n<div class=\"wp-block-button\"><a class=\"wp-block-button__link wp-element-button\" href=\"https:\/\/kdibis.com\/kdibiswp\/index.php\/kdibis-terms-d\/\">AGB<\/a><\/div>\n\n\n\n<div class=\"wp-block-button\"><a class=\"wp-block-button__link wp-element-button\" href=\"https:\/\/kdibis.com\/kdibiswp\/index.php\/kdibis-imprint-d\/\">Impressum<\/a><\/div>\n<\/div>\n\n\n\n<p>\u00a9 Kdibis Learning Games Dr. K.D. Gronwald 2025<\/p>\n\n\n\n<p><\/p>\n<div class=\"pvc_clear\"><\/div><p id=\"pvc_stats_1445\" class=\"pvc_stats all  \" data-element-id=\"1445\" style=\"\"><i class=\"pvc-stats-icon medium\" aria-hidden=\"true\"><svg aria-hidden=\"true\" focusable=\"false\" data-prefix=\"far\" data-icon=\"chart-bar\" role=\"img\" xmlns=\"http:\/\/www.w3.org\/2000\/svg\" viewBox=\"0 0 512 512\" class=\"svg-inline--fa fa-chart-bar fa-w-16 fa-2x\"><path fill=\"currentColor\" d=\"M396.8 352h22.4c6.4 0 12.8-6.4 12.8-12.8V108.8c0-6.4-6.4-12.8-12.8-12.8h-22.4c-6.4 0-12.8 6.4-12.8 12.8v230.4c0 6.4 6.4 12.8 12.8 12.8zm-192 0h22.4c6.4 0 12.8-6.4 12.8-12.8V140.8c0-6.4-6.4-12.8-12.8-12.8h-22.4c-6.4 0-12.8 6.4-12.8 12.8v198.4c0 6.4 6.4 12.8 12.8 12.8zm96 0h22.4c6.4 0 12.8-6.4 12.8-12.8V204.8c0-6.4-6.4-12.8-12.8-12.8h-22.4c-6.4 0-12.8 6.4-12.8 12.8v134.4c0 6.4 6.4 12.8 12.8 12.8zM496 400H48V80c0-8.84-7.16-16-16-16H16C7.16 64 0 71.16 0 80v336c0 17.67 14.33 32 32 32h464c8.84 0 16-7.16 16-16v-16c0-8.84-7.16-16-16-16zm-387.2-48h22.4c6.4 0 12.8-6.4 12.8-12.8v-70.4c0-6.4-6.4-12.8-12.8-12.8h-22.4c-6.4 0-12.8 6.4-12.8 12.8v70.4c0 6.4 6.4 12.8 12.8 12.8z\" class=\"\"><\/path><\/svg><\/i> <img loading=\"lazy\" decoding=\"async\" width=\"16\" height=\"16\" alt=\"Loading\" src=\"https:\/\/kdibis.com\/kdibiswp\/wp-content\/plugins\/page-views-count\/ajax-loader-2x.gif\" border=0 \/><\/p><div class=\"pvc_clear\"><\/div>","protected":false},"excerpt":{"rendered":"<p>KdibisGlobal Preisliste Die Registrierung auf www.kdibisglobal.org ist kostenlos und umfasst eine Kursleitungslizenz sowie 10 Kursmitgliederlizenzen als Startbonus. Zus\u00e4tzliche Mitgliederlizenzen sind f\u00fcr die Kursleitung kostenpflichtig und im Kdibis-Shop erh\u00e4ltlich. Der Zugang zum Shop erfolgt direkt \u00fcber die Homepage www.kdibisglobal.org mit den Zugangsdaten der Kursleitung. Die Mwst. ist in den Preisen enthalten. Kursmitgliederlizenzen sind alternativ im Preis [&hellip;]<\/p>\n<div class=\"pvc_clear\"><\/div>\n<p id=\"pvc_stats_1445\" class=\"pvc_stats all  \" data-element-id=\"1445\" style=\"\"><i class=\"pvc-stats-icon medium\" aria-hidden=\"true\"><svg aria-hidden=\"true\" focusable=\"false\" data-prefix=\"far\" data-icon=\"chart-bar\" role=\"img\" xmlns=\"http:\/\/www.w3.org\/2000\/svg\" viewBox=\"0 0 512 512\" class=\"svg-inline--fa fa-chart-bar fa-w-16 fa-2x\"><path fill=\"currentColor\" d=\"M396.8 352h22.4c6.4 0 12.8-6.4 12.8-12.8V108.8c0-6.4-6.4-12.8-12.8-12.8h-22.4c-6.4 0-12.8 6.4-12.8 12.8v230.4c0 6.4 6.4 12.8 12.8 12.8zm-192 0h22.4c6.4 0 12.8-6.4 12.8-12.8V140.8c0-6.4-6.4-12.8-12.8-12.8h-22.4c-6.4 0-12.8 6.4-12.8 12.8v198.4c0 6.4 6.4 12.8 12.8 12.8zm96 0h22.4c6.4 0 12.8-6.4 12.8-12.8V204.8c0-6.4-6.4-12.8-12.8-12.8h-22.4c-6.4 0-12.8 6.4-12.8 12.8v134.4c0 6.4 6.4 12.8 12.8 12.8zM496 400H48V80c0-8.84-7.16-16-16-16H16C7.16 64 0 71.16 0 80v336c0 17.67 14.33 32 32 32h464c8.84 0 16-7.16 16-16v-16c0-8.84-7.16-16-16-16zm-387.2-48h22.4c6.4 0 12.8-6.4 12.8-12.8v-70.4c0-6.4-6.4-12.8-12.8-12.8h-22.4c-6.4 0-12.8 6.4-12.8 12.8v70.4c0 6.4 6.4 12.8 12.8 12.8z\" class=\"\"><\/path><\/svg><\/i> <img loading=\"lazy\" decoding=\"async\" width=\"16\" height=\"16\" alt=\"Loading\" src=\"https:\/\/kdibis.com\/kdibiswp\/wp-content\/plugins\/page-views-count\/ajax-loader-2x.gif\" border=0 \/><\/p>\n<div class=\"pvc_clear\"><\/div>\n","protected":false},"author":1,"featured_media":0,"parent":0,"menu_order":0,"comment_status":"closed","ping_status":"closed","template":"page-no-title","meta":{"footnotes":""},"class_list":["post-1445","page","type-page","status-publish","hentry"],"yoast_head":"<!-- This site is optimized with the Yoast SEO Premium plugin v27.1 (Yoast SEO v27.3) - https:\/\/yoast.com\/product\/yoast-seo-premium-wordpress\/ -->\n<title>KdibisGlobal Preisliste und Kursleitungslizenzen - Kdibis Learning Games<\/title>\n<meta name=\"description\" content=\"Details zu Kursleitungslizenzen mit kostenlosem Startbonus und umfangreichen Lizenzoptionen f\u00fcr Kursmitglieder bietet.\" \/>\n<meta name=\"robots\" content=\"index, follow, max-snippet:-1, max-image-preview:large, max-video-preview:-1\" \/>\n<link rel=\"canonical\" href=\"https:\/\/kdibis.com\/kdibiswp\/index.php\/kdibis-preisliste\/\" \/>\n<meta property=\"og:locale\" content=\"en_US\" \/>\n<meta property=\"og:type\" content=\"article\" \/>\n<meta property=\"og:title\" content=\"Kdibis | Preisliste\" \/>\n<meta property=\"og:description\" content=\"Details zu Kursleitungslizenzen mit kostenlosem Startbonus und umfangreichen Lizenzoptionen f\u00fcr Kursmitglieder bietet.\" \/>\n<meta property=\"og:url\" content=\"https:\/\/kdibis.com\/kdibiswp\/index.php\/kdibis-preisliste\/\" \/>\n<meta property=\"og:site_name\" content=\"Kdibis Learning Games\" \/>\n<meta property=\"article:modified_time\" content=\"2026-03-16T14:43:07+00:00\" \/>\n<meta property=\"og:image\" content=\"https:\/\/kdibis.com\/kdibiswp\/wp-content\/uploads\/2026\/03\/PricelistD.png\" \/>\n\t<meta property=\"og:image:width\" content=\"642\" \/>\n\t<meta property=\"og:image:height\" content=\"527\" \/>\n\t<meta property=\"og:image:type\" content=\"image\/png\" \/>\n<meta name=\"twitter:card\" content=\"summary_large_image\" \/>\n<meta name=\"twitter:label1\" content=\"Est. reading time\" \/>\n\t<meta name=\"twitter:data1\" content=\"1 minute\" \/>\n<script type=\"application\/ld+json\" class=\"yoast-schema-graph\">{\"@context\":\"https:\\\/\\\/schema.org\",\"@graph\":[{\"@type\":\"WebPage\",\"@id\":\"https:\\\/\\\/kdibis.com\\\/kdibiswp\\\/index.php\\\/kdibis-preisliste\\\/\",\"url\":\"https:\\\/\\\/kdibis.com\\\/kdibiswp\\\/index.php\\\/kdibis-preisliste\\\/\",\"name\":\"KdibisGlobal Preisliste und Kursleitungslizenzen - Kdibis Learning Games\",\"isPartOf\":{\"@id\":\"https:\\\/\\\/kdibis.com\\\/kdibiswp\\\/#website\"},\"primaryImageOfPage\":{\"@id\":\"https:\\\/\\\/kdibis.com\\\/kdibiswp\\\/index.php\\\/kdibis-preisliste\\\/#primaryimage\"},\"image\":{\"@id\":\"https:\\\/\\\/kdibis.com\\\/kdibiswp\\\/index.php\\\/kdibis-preisliste\\\/#primaryimage\"},\"thumbnailUrl\":\"https:\\\/\\\/kdibis.com\\\/kdibiswp\\\/wp-content\\\/uploads\\\/2026\\\/03\\\/PricelistD.png\",\"datePublished\":\"2025-10-24T17:04:13+00:00\",\"dateModified\":\"2026-03-16T14:43:07+00:00\",\"description\":\"Details zu Kursleitungslizenzen mit kostenlosem Startbonus und umfangreichen Lizenzoptionen f\u00fcr Kursmitglieder bietet.\",\"breadcrumb\":{\"@id\":\"https:\\\/\\\/kdibis.com\\\/kdibiswp\\\/index.php\\\/kdibis-preisliste\\\/#breadcrumb\"},\"inLanguage\":\"en-US\",\"potentialAction\":[{\"@type\":\"ReadAction\",\"target\":[\"https:\\\/\\\/kdibis.com\\\/kdibiswp\\\/index.php\\\/kdibis-preisliste\\\/\"]}]},{\"@type\":\"ImageObject\",\"inLanguage\":\"en-US\",\"@id\":\"https:\\\/\\\/kdibis.com\\\/kdibiswp\\\/index.php\\\/kdibis-preisliste\\\/#primaryimage\",\"url\":\"https:\\\/\\\/kdibis.com\\\/kdibiswp\\\/wp-content\\\/uploads\\\/2026\\\/03\\\/PricelistD.png\",\"contentUrl\":\"https:\\\/\\\/kdibis.com\\\/kdibiswp\\\/wp-content\\\/uploads\\\/2026\\\/03\\\/PricelistD.png\",\"width\":642,\"height\":527},{\"@type\":\"BreadcrumbList\",\"@id\":\"https:\\\/\\\/kdibis.com\\\/kdibiswp\\\/index.php\\\/kdibis-preisliste\\\/#breadcrumb\",\"itemListElement\":[{\"@type\":\"ListItem\",\"position\":1,\"name\":\"Home\",\"item\":\"https:\\\/\\\/kdibis.com\\\/kdibiswp\\\/\"},{\"@type\":\"ListItem\",\"position\":2,\"name\":\"Kdibis | Preisliste\"}]},{\"@type\":\"WebSite\",\"@id\":\"https:\\\/\\\/kdibis.com\\\/kdibiswp\\\/#website\",\"url\":\"https:\\\/\\\/kdibis.com\\\/kdibiswp\\\/\",\"name\":\"Kdibis Learning Games\",\"description\":\"Business simulation games for the development of practical skills in business informatics\",\"publisher\":{\"@id\":\"https:\\\/\\\/kdibis.com\\\/kdibiswp\\\/#organization\"},\"potentialAction\":[{\"@type\":\"SearchAction\",\"target\":{\"@type\":\"EntryPoint\",\"urlTemplate\":\"https:\\\/\\\/kdibis.com\\\/kdibiswp\\\/?s={search_term_string}\"},\"query-input\":{\"@type\":\"PropertyValueSpecification\",\"valueRequired\":true,\"valueName\":\"search_term_string\"}}],\"inLanguage\":\"en-US\"},{\"@type\":\"Organization\",\"@id\":\"https:\\\/\\\/kdibis.com\\\/kdibiswp\\\/#organization\",\"name\":\"Kdibis Learning Games\",\"url\":\"https:\\\/\\\/kdibis.com\\\/kdibiswp\\\/\",\"logo\":{\"@type\":\"ImageObject\",\"inLanguage\":\"en-US\",\"@id\":\"https:\\\/\\\/kdibis.com\\\/kdibiswp\\\/#\\\/schema\\\/logo\\\/image\\\/\",\"url\":\"https:\\\/\\\/kdibis.com\\\/kdibiswp\\\/wp-content\\\/uploads\\\/2025\\\/07\\\/kdibis800_01-1.png\",\"contentUrl\":\"https:\\\/\\\/kdibis.com\\\/kdibiswp\\\/wp-content\\\/uploads\\\/2025\\\/07\\\/kdibis800_01-1.png\",\"width\":800,\"height\":800,\"caption\":\"Kdibis Learning Games\"},\"image\":{\"@id\":\"https:\\\/\\\/kdibis.com\\\/kdibiswp\\\/#\\\/schema\\\/logo\\\/image\\\/\"}}]}<\/script>\n<!-- \/ Yoast SEO Premium plugin. -->","yoast_head_json":{"title":"KdibisGlobal Preisliste und Kursleitungslizenzen - Kdibis Learning Games","description":"Details zu Kursleitungslizenzen mit kostenlosem Startbonus und umfangreichen Lizenzoptionen f\u00fcr Kursmitglieder bietet.","robots":{"index":"index","follow":"follow","max-snippet":"max-snippet:-1","max-image-preview":"max-image-preview:large","max-video-preview":"max-video-preview:-1"},"canonical":"https:\/\/kdibis.com\/kdibiswp\/index.php\/kdibis-preisliste\/","og_locale":"en_US","og_type":"article","og_title":"Kdibis | Preisliste","og_description":"Details zu Kursleitungslizenzen mit kostenlosem Startbonus und umfangreichen Lizenzoptionen f\u00fcr Kursmitglieder bietet.","og_url":"https:\/\/kdibis.com\/kdibiswp\/index.php\/kdibis-preisliste\/","og_site_name":"Kdibis Learning Games","article_modified_time":"2026-03-16T14:43:07+00:00","og_image":[{"width":642,"height":527,"url":"https:\/\/kdibis.com\/kdibiswp\/wp-content\/uploads\/2026\/03\/PricelistD.png","type":"image\/png"}],"twitter_card":"summary_large_image","twitter_misc":{"Est. reading time":"1 minute"},"schema":{"@context":"https:\/\/schema.org","@graph":[{"@type":"WebPage","@id":"https:\/\/kdibis.com\/kdibiswp\/index.php\/kdibis-preisliste\/","url":"https:\/\/kdibis.com\/kdibiswp\/index.php\/kdibis-preisliste\/","name":"KdibisGlobal Preisliste und Kursleitungslizenzen - Kdibis Learning Games","isPartOf":{"@id":"https:\/\/kdibis.com\/kdibiswp\/#website"},"primaryImageOfPage":{"@id":"https:\/\/kdibis.com\/kdibiswp\/index.php\/kdibis-preisliste\/#primaryimage"},"image":{"@id":"https:\/\/kdibis.com\/kdibiswp\/index.php\/kdibis-preisliste\/#primaryimage"},"thumbnailUrl":"https:\/\/kdibis.com\/kdibiswp\/wp-content\/uploads\/2026\/03\/PricelistD.png","datePublished":"2025-10-24T17:04:13+00:00","dateModified":"2026-03-16T14:43:07+00:00","description":"Details zu Kursleitungslizenzen mit kostenlosem Startbonus und umfangreichen Lizenzoptionen f\u00fcr Kursmitglieder bietet.","breadcrumb":{"@id":"https:\/\/kdibis.com\/kdibiswp\/index.php\/kdibis-preisliste\/#breadcrumb"},"inLanguage":"en-US","potentialAction":[{"@type":"ReadAction","target":["https:\/\/kdibis.com\/kdibiswp\/index.php\/kdibis-preisliste\/"]}]},{"@type":"ImageObject","inLanguage":"en-US","@id":"https:\/\/kdibis.com\/kdibiswp\/index.php\/kdibis-preisliste\/#primaryimage","url":"https:\/\/kdibis.com\/kdibiswp\/wp-content\/uploads\/2026\/03\/PricelistD.png","contentUrl":"https:\/\/kdibis.com\/kdibiswp\/wp-content\/uploads\/2026\/03\/PricelistD.png","width":642,"height":527},{"@type":"BreadcrumbList","@id":"https:\/\/kdibis.com\/kdibiswp\/index.php\/kdibis-preisliste\/#breadcrumb","itemListElement":[{"@type":"ListItem","position":1,"name":"Home","item":"https:\/\/kdibis.com\/kdibiswp\/"},{"@type":"ListItem","position":2,"name":"Kdibis | Preisliste"}]},{"@type":"WebSite","@id":"https:\/\/kdibis.com\/kdibiswp\/#website","url":"https:\/\/kdibis.com\/kdibiswp\/","name":"Kdibis Learning Games","description":"Business simulation games for the development of practical skills in business informatics","publisher":{"@id":"https:\/\/kdibis.com\/kdibiswp\/#organization"},"potentialAction":[{"@type":"SearchAction","target":{"@type":"EntryPoint","urlTemplate":"https:\/\/kdibis.com\/kdibiswp\/?s={search_term_string}"},"query-input":{"@type":"PropertyValueSpecification","valueRequired":true,"valueName":"search_term_string"}}],"inLanguage":"en-US"},{"@type":"Organization","@id":"https:\/\/kdibis.com\/kdibiswp\/#organization","name":"Kdibis Learning Games","url":"https:\/\/kdibis.com\/kdibiswp\/","logo":{"@type":"ImageObject","inLanguage":"en-US","@id":"https:\/\/kdibis.com\/kdibiswp\/#\/schema\/logo\/image\/","url":"https:\/\/kdibis.com\/kdibiswp\/wp-content\/uploads\/2025\/07\/kdibis800_01-1.png","contentUrl":"https:\/\/kdibis.com\/kdibiswp\/wp-content\/uploads\/2025\/07\/kdibis800_01-1.png","width":800,"height":800,"caption":"Kdibis Learning Games"},"image":{"@id":"https:\/\/kdibis.com\/kdibiswp\/#\/schema\/logo\/image\/"}}]}},"_links":{"self":[{"href":"https:\/\/kdibis.com\/kdibiswp\/index.php\/wp-json\/wp\/v2\/pages\/1445","targetHints":{"allow":["GET"]}}],"collection":[{"href":"https:\/\/kdibis.com\/kdibiswp\/index.php\/wp-json\/wp\/v2\/pages"}],"about":[{"href":"https:\/\/kdibis.com\/kdibiswp\/index.php\/wp-json\/wp\/v2\/types\/page"}],"author":[{"embeddable":true,"href":"https:\/\/kdibis.com\/kdibiswp\/index.php\/wp-json\/wp\/v2\/users\/1"}],"replies":[{"embeddable":true,"href":"https:\/\/kdibis.com\/kdibiswp\/index.php\/wp-json\/wp\/v2\/comments?post=1445"}],"version-history":[{"count":9,"href":"https:\/\/kdibis.com\/kdibiswp\/index.php\/wp-json\/wp\/v2\/pages\/1445\/revisions"}],"predecessor-version":[{"id":1776,"href":"https:\/\/kdibis.com\/kdibiswp\/index.php\/wp-json\/wp\/v2\/pages\/1445\/revisions\/1776"}],"wp:attachment":[{"href":"https:\/\/kdibis.com\/kdibiswp\/index.php\/wp-json\/wp\/v2\/media?parent=1445"}],"curies":[{"name":"wp","href":"https:\/\/api.w.org\/{rel}","templated":true}]}}